{"id":8520,"date":"2025-09-01T15:20:09","date_gmt":"2025-09-01T20:20:09","guid":{"rendered":"https:\/\/innovame.com\/?page_id=8520"},"modified":"2025-09-01T15:47:14","modified_gmt":"2025-09-01T20:47:14","slug":"seo","status":"publish","type":"page","link":"https:\/\/innovame.com\/en\/seo\/","title":{"rendered":"SEO"},"content":{"rendered":"<div data-elementor-type=\"wp-page\" data-elementor-id=\"8520\" class=\"elementor elementor-8520\" data-elementor-post-type=\"page\">\n\t\t\t\t<div class=\"elementor-element elementor-element-4592613 e-con-full e-flex e-con e-parent\" data-id=\"4592613\" data-element_type=\"container\" data-e-type=\"container\" data-settings=\"{&quot;background_background&quot;:&quot;classic&quot;}\">\n\t\t<div class=\"elementor-element elementor-element-d5fc628 e-con-full e-flex e-con e-child\" data-id=\"d5fc628\" data-element_type=\"container\" data-e-type=\"container\">\n\t\t\t\t<div class=\"elementor-element elementor-element-64cbbd4 elementor-widget elementor-widget-heading\" data-id=\"64cbbd4\" data-element_type=\"widget\" data-e-type=\"widget\" data-widget_type=\"heading.default\">\n\t\t\t\t<div class=\"elementor-widget-container\">\n\t\t\t\t\t<h1 class=\"elementor-heading-title elementor-size-default\">SEO <\/h1>\t\t\t\t<\/div>\n\t\t\t\t<\/div>\n\t\t\t\t<div class=\"elementor-element elementor-element-b8d3c8b elementor-widget elementor-widget-heading\" data-id=\"b8d3c8b\" data-element_type=\"widget\" data-e-type=\"widget\" data-widget_type=\"heading.default\">\n\t\t\t\t<div class=\"elementor-widget-container\">\n\t\t\t\t\t<h4 class=\"elementor-heading-title elementor-size-default\">Optimizaci\u00f3n de Buscadores<\/h4>\t\t\t\t<\/div>\n\t\t\t\t<\/div>\n\t\t\t\t<\/div>\n\t\t\t\t<\/div>\n\t\t<div class=\"elementor-element elementor-element-37f9dfa e-flex e-con-boxed e-con e-parent\" data-id=\"37f9dfa\" data-element_type=\"container\" data-e-type=\"container\">\n\t\t\t\t\t<div class=\"e-con-inner\">\n\t\t\t\t<div class=\"elementor-element elementor-element-fe6565b elementor-view-default elementor-widget elementor-widget-icon\" data-id=\"fe6565b\" data-element_type=\"widget\" data-e-type=\"widget\" data-widget_type=\"icon.default\">\n\t\t\t\t<div class=\"elementor-widget-container\">\n\t\t\t\t\t\t\t<div class=\"elementor-icon-wrapper\">\n\t\t\t<div class=\"elementor-icon\">\n\t\t\t<i aria-hidden=\"true\" class=\"icon icon-chart2\"><\/i>\t\t\t<\/div>\n\t\t<\/div>\n\t\t\t\t\t\t<\/div>\n\t\t\t\t<\/div>\n\t\t\t\t<div class=\"elementor-element elementor-element-4d55913 elementor-widget elementor-widget-heading\" data-id=\"4d55913\" data-element_type=\"widget\" data-e-type=\"widget\" data-widget_type=\"heading.default\">\n\t\t\t\t<div class=\"elementor-widget-container\">\n\t\t\t\t\t<h2 class=\"elementor-heading-title elementor-size-default\">Optimizaci\u00f3n en Buscadores<\/h2>\t\t\t\t<\/div>\n\t\t\t\t<\/div>\n\t\t<div class=\"elementor-element elementor-element-decef21 e-con-full e-flex e-con e-child\" data-id=\"decef21\" data-element_type=\"container\" data-e-type=\"container\">\n\t\t\t\t<div class=\"elementor-element elementor-element-5296048 elementor-widget__width-initial elementor-widget elementor-widget-text-editor\" data-id=\"5296048\" data-element_type=\"widget\" data-e-type=\"widget\" data-widget_type=\"text-editor.default\">\n\t\t\t\t<div class=\"elementor-widget-container\">\n\t\t\t\t\t\t\t\t\t<div dir=\"ltr\"><div class=\"answer-markdown-box overflow-x-auto select-text custom-scrollbar\"><div class=\"markdown-body\"><p data-sider-select-id=\"489b5a9a-cd2d-4a4f-b32f-b10aa44f6be4\">SEO es un <mark class=\"QVRyCf\">conjunto de t\u00e9cnicas y estrategias para mejorar la visibilidad y el posicionamiento de un sitio web en los resultados org\u00e1nicos (no pagados) de los motores de b\u00fasqueda como Google<\/mark>.\u00a0<\/p><p data-sider-select-id=\"db1ce934-32a8-4725-b13c-14a5b0ec4b57\">\u00a1El objetivo es que, cuando un usuario realice una b\u00fasqueda relacionada, el sitio web aparezca entre las primeras posiciones, atrayendo as\u00ed m\u00e1s tr\u00e1fico de calidad de forma rentable.<span class=\"pjBG2e\" data-cid=\"8c55bac3-c22a-479a-a388-0548008ac428\"><span class=\"UV3uM\">\u00a0<\/span><\/span>!<\/p><\/div><\/div><\/div>\t\t\t\t\t\t\t\t<\/div>\n\t\t\t\t<\/div>\n\t\t\t\t<div class=\"elementor-element elementor-element-63043ef elementor-mobile-align-center elementor-widget-mobile__width-inherit elementor-align-left animated-fast elementor-tablet-align-center elementor-invisible elementor-widget elementor-widget-button\" data-id=\"63043ef\" data-element_type=\"widget\" data-e-type=\"widget\" data-settings=\"{&quot;_animation&quot;:&quot;slideInRight&quot;,&quot;_animation_delay&quot;:500}\" data-widget_type=\"button.default\">\n\t\t\t\t<div class=\"elementor-widget-container\">\n\t\t\t\t\t\t\t\t\t<div class=\"elementor-button-wrapper\">\n\t\t\t\t\t<a class=\"elementor-button elementor-button-link elementor-size-lg elementor-animation-shrink\" href=\"https:\/\/tally.so\/r\/mR4k49\" target=\"_blank\" rel=\"noopener noreferrer nofollow\">\n\t\t\t\t\t\t<span class=\"elementor-button-content-wrapper\">\n\t\t\t\t\t\t<span class=\"elementor-button-icon\">\n\t\t\t\t<i aria-hidden=\"true\" class=\"icon dticon-arrow-forward-outline\"><\/i>\t\t\t<\/span>\n\t\t\t\t\t\t\t\t\t<span class=\"elementor-button-text\">let&#039;s talk<\/span>\n\t\t\t\t\t<\/span>\n\t\t\t\t\t<\/a>\n\t\t\t\t<\/div>\n\t\t\t\t\t\t\t\t<\/div>\n\t\t\t\t<\/div>\n\t\t\t\t<\/div>\n\t\t<div class=\"elementor-element elementor-element-f093495 e-flex e-con-boxed e-con e-child\" data-id=\"f093495\" data-element_type=\"container\" data-e-type=\"container\">\n\t\t\t\t\t<div class=\"e-con-inner\">\n\t\t\t\t<div class=\"elementor-element elementor-element-9f02e8b elementor-widget-divider--view-line elementor-widget elementor-widget-divider\" data-id=\"9f02e8b\" data-element_type=\"widget\" data-e-type=\"widget\" data-widget_type=\"divider.default\">\n\t\t\t\t<div class=\"elementor-widget-container\">\n\t\t\t\t\t\t\t<div class=\"elementor-divider\">\n\t\t\t<span class=\"elementor-divider-separator\">\n\t\t\t\t\t\t<\/span>\n\t\t<\/div>\n\t\t\t\t\t\t<\/div>\n\t\t\t\t<\/div>\n\t\t\t\t<div class=\"elementor-element elementor-element-6d111c8 elementor-widget__width-initial elementor-widget elementor-widget-text-editor\" data-id=\"6d111c8\" data-element_type=\"widget\" data-e-type=\"widget\" data-widget_type=\"text-editor.default\">\n\t\t\t\t<div class=\"elementor-widget-container\">\n\t\t\t\t\t\t\t\t\t<p>B\u00e1sicamente, el SEO consiste en satisfacer las necesidades de b\u00fasqueda de los usuarios, creando contenido relevante y de calidad y proporcionando la mejor experiencia de usuario posible.<\/p><p>Cada d\u00eda, los usuarios realizan <a href=\"https:\/\/www.oberlo.com\/blog\/google-search-statistics\" target=\"_blank\" rel=\"noopener noreferrer nofollow\">miles de millones de b\u00fasquedas<\/a> de informaci\u00f3n y productos. No es de extra\u00f1ar entonces que los motores de b\u00fasqueda sean una de las principales fuentes de tr\u00e1fico para las webs.\u00a0Para aprovechar todo su potencial, necesitas aparecer en los primeros resultados de b\u00fasqueda para tus palabras clave objetivo.\u00a0<\/p><p>La correlaci\u00f3n es muy sencilla: cuanto m\u00e1s arriba aparezcas, m\u00e1s usuarios visitar\u00e1n tus p\u00e1ginas.<\/p>\t\t\t\t\t\t\t\t<\/div>\n\t\t\t\t<\/div>\n\t\t\t\t\t<\/div>\n\t\t\t\t<\/div>\n\t\t\t\t\t<\/div>\n\t\t\t\t<\/div>\n\t\t<div class=\"elementor-element elementor-element-eb9d8dd e-flex e-con-boxed e-con e-parent\" data-id=\"eb9d8dd\" data-element_type=\"container\" data-e-type=\"container\">\n\t\t\t\t\t<div class=\"e-con-inner\">\n\t\t<div class=\"elementor-element elementor-element-a1b3d24 e-con-full e-flex e-con e-child\" data-id=\"a1b3d24\" data-element_type=\"container\" data-e-type=\"container\">\n\t\t\t\t<div class=\"elementor-element elementor-element-9afd648 elementor-widget elementor-widget-text-editor\" data-id=\"9afd648\" data-element_type=\"widget\" data-e-type=\"widget\" data-widget_type=\"text-editor.default\">\n\t\t\t\t<div class=\"elementor-widget-container\">\n\t\t\t\t\t\t\t\t\t<p>El primer resultado org\u00e1nico de Google tiene\u00a010 veces m\u00e1s posibilidades\u00a0de recibir un clic que una p\u00e1gina situada en la posici\u00f3n n\u00famero 10.<\/p>\t\t\t\t\t\t\t\t<\/div>\n\t\t\t\t<\/div>\n\t\t\t\t<\/div>\n\t\t<div class=\"elementor-element elementor-element-71bd347 e-con-full e-flex e-con e-child\" data-id=\"71bd347\" data-element_type=\"container\" data-e-type=\"container\">\n\t\t\t\t<div class=\"elementor-element elementor-element-b1768bd ekit-equal-height-disable elementor-widget elementor-widget-elementskit-icon-box\" data-id=\"b1768bd\" data-element_type=\"widget\" data-e-type=\"widget\" data-widget_type=\"elementskit-icon-box.default\">\n\t\t\t\t<div class=\"elementor-widget-container\">\n\t\t\t\t\t<div class=\"ekit-wid-con\" >        <!-- link opening -->\n                <a href=\"https:\/\/innovame.com\/en\/#contacto\" class=\"ekit_global_links\">\n                <!-- end link opening -->\n\n        <div class=\"elementskit-infobox text- text- icon-lef-right-aligin elementor-animation-\">\n                        <div class=\"box-body\">\n                            <h3 class=\"elementskit-info-box-title\">\n                    01                <\/h3>\n                        \t\t  \t<p><strong>Audit SEO<\/strong>.\nAn\u00e1lisis exhaustivo del sitio web para identificar problemas t\u00e9cnicos, de contenido y de autoridad que impiden un buen posicionamiento en Google. Incluye revisi\u00f3n t\u00e9cnica, on-page, off-page y de la competencia..<\/p>\n                                <\/div>\n        \n        \n                <\/div>\n                <\/a>\n        <\/div>\t\t\t\t<\/div>\n\t\t\t\t<\/div>\n\t\t\t\t<div class=\"elementor-element elementor-element-d6f912e ekit-equal-height-disable elementor-widget elementor-widget-elementskit-icon-box\" data-id=\"d6f912e\" data-element_type=\"widget\" data-e-type=\"widget\" data-widget_type=\"elementskit-icon-box.default\">\n\t\t\t\t<div class=\"elementor-widget-container\">\n\t\t\t\t\t<div class=\"ekit-wid-con\" >        <!-- link opening -->\n                <a href=\"https:\/\/innovame.com\/en\/#contacto\" class=\"ekit_global_links\">\n                <!-- end link opening -->\n\n        <div class=\"elementskit-infobox text- text- icon-lef-right-aligin elementor-animation-\">\n                        <div class=\"box-body\">\n                            <h3 class=\"elementskit-info-box-title\">\n                    02                <\/h3>\n                        \t\t  \t<p><strong>Investigaci\u00f3n de Palabras Clave (Keyword Research)<\/strong>. Identificaci\u00f3n de los t\u00e9rminos de b\u00fasqueda que utiliza tu p\u00fablico objetivo para encontrar productos o servicios como los tuyos. Fundamental para orientar la estrategia de contenidos y SEO.<\/p>\n                                <\/div>\n        \n        \n                <\/div>\n                <\/a>\n        <\/div>\t\t\t\t<\/div>\n\t\t\t\t<\/div>\n\t\t\t\t<div class=\"elementor-element elementor-element-ab98172 ekit-equal-height-disable elementor-widget elementor-widget-elementskit-icon-box\" data-id=\"ab98172\" data-element_type=\"widget\" data-e-type=\"widget\" data-widget_type=\"elementskit-icon-box.default\">\n\t\t\t\t<div class=\"elementor-widget-container\">\n\t\t\t\t\t<div class=\"ekit-wid-con\" >        <!-- link opening -->\n                <a href=\"https:\/\/innovame.com\/en\/#contacto\" class=\"ekit_global_links\">\n                <!-- end link opening -->\n\n        <div class=\"elementskit-infobox text- text- icon-lef-right-aligin elementor-animation-\">\n                        <div class=\"box-body\">\n                            <h3 class=\"elementskit-info-box-title\">\n                    03                <\/h3>\n                        \t\t  \t<p><strong>SEO Local.<\/strong> Es un conjunto de estrategias para mejorar la visibilidad de tu negocio en los resultados de b\u00fasqueda geolocalizados, es decir, cuando un cliente busca un servicio o producto cerca de su ubicaci\u00f3n. Es crucial porque atrae a clientes que est\u00e1n listos para comprar y visitar tu establecimiento f\u00edsico o virtual.<\/p>\n                                <\/div>\n        \n        \n                <\/div>\n                <\/a>\n        <\/div>\t\t\t\t<\/div>\n\t\t\t\t<\/div>\n\t\t\t\t<div class=\"elementor-element elementor-element-dac8f49 ekit-equal-height-disable elementor-widget elementor-widget-elementskit-icon-box\" data-id=\"dac8f49\" data-element_type=\"widget\" data-e-type=\"widget\" data-widget_type=\"elementskit-icon-box.default\">\n\t\t\t\t<div class=\"elementor-widget-container\">\n\t\t\t\t\t<div class=\"ekit-wid-con\" >        <!-- link opening -->\n                <a href=\"https:\/\/innovame.com\/en\/#contacto\" class=\"ekit_global_links\">\n                <!-- end link opening -->\n\n        <div class=\"elementskit-infobox text- text- icon-lef-right-aligin elementor-animation-\">\n                        <div class=\"box-body\">\n                            <h3 class=\"elementskit-info-box-title\">\n                    04                <\/h3>\n                        \t\t  \t<p><strong>SEO On-Page.<\/strong> Optimizaci\u00f3n de los elementos internos de las p\u00e1ginas web (t\u00edtulos, meta descripciones, encabezados, contenido, im\u00e1genes, estructura de URLs) para mejorar su relevancia y posicionamiento para las palabras clave objetivo.<\/p>\n                                <\/div>\n        \n        \n                <\/div>\n                <\/a>\n        <\/div>\t\t\t\t<\/div>\n\t\t\t\t<\/div>\n\t\t\t\t<div class=\"elementor-element elementor-element-65e615a ekit-equal-height-disable elementor-widget elementor-widget-elementskit-icon-box\" data-id=\"65e615a\" data-element_type=\"widget\" data-e-type=\"widget\" data-widget_type=\"elementskit-icon-box.default\">\n\t\t\t\t<div class=\"elementor-widget-container\">\n\t\t\t\t\t<div class=\"ekit-wid-con\" >        <!-- link opening -->\n                <a href=\"https:\/\/innovame.com\/en\/#contacto\" class=\"ekit_global_links\">\n                <!-- end link opening -->\n\n        <div class=\"elementskit-infobox text- text- icon-lef-right-aligin elementor-animation-\">\n                        <div class=\"box-body\">\n                            <h3 class=\"elementskit-info-box-title\">\n                    05                <\/h3>\n                        \t\t  \t<p><strong>SEO Technician.<\/strong> Optimizaci\u00f3n de los aspectos t\u00e9cnicos del sitio web que afectan al rastreo, indexaci\u00f3n y rendimiento en motores de b\u00fasqueda (velocidad de carga, estructura web, sitemap, robots.txt, datos estructurados, adaptabilidad m\u00f3vil).<\/p>\n                                <\/div>\n        \n        \n                <\/div>\n                <\/a>\n        <\/div>\t\t\t\t<\/div>\n\t\t\t\t<\/div>\n\t\t\t\t<div class=\"elementor-element elementor-element-16a4fce ekit-equal-height-disable elementor-widget elementor-widget-elementskit-icon-box\" data-id=\"16a4fce\" data-element_type=\"widget\" data-e-type=\"widget\" data-widget_type=\"elementskit-icon-box.default\">\n\t\t\t\t<div class=\"elementor-widget-container\">\n\t\t\t\t\t<div class=\"ekit-wid-con\" >        <!-- link opening -->\n                <a href=\"https:\/\/innovame.com\/en\/#contacto\" class=\"ekit_global_links\">\n                <!-- end link opening -->\n\n        <div class=\"elementskit-infobox text- text- icon-lef-right-aligin elementor-animation-\">\n                        <div class=\"box-body\">\n                            <h3 class=\"elementskit-info-box-title\">\n                    06                <\/h3>\n                        \t\t  \t<p><strong>Creaci\u00f3n de Contenidos SEO.<\/strong> Redacci\u00f3n de art\u00edculos de blog y otras piezas de contenido dise\u00f1adas para responder a las intenciones de b\u00fasqueda de los usuarios, atraer tr\u00e1fico org\u00e1nico cualificado y posicionar al cliente como experto en su sector. Incluye la integraci\u00f3n natural de palabras clave.<\/p>\n                                <\/div>\n        \n        \n                <\/div>\n                <\/a>\n        <\/div>\t\t\t\t<\/div>\n\t\t\t\t<\/div>\n\t\t\t\t<\/div>\n\t\t\t\t\t<\/div>\n\t\t\t\t<\/div>\n\t\t<div class=\"elementor-element elementor-element-20cf41c e-flex e-con-boxed e-con e-parent\" data-id=\"20cf41c\" data-element_type=\"container\" data-e-type=\"container\">\n\t\t\t\t\t<div class=\"e-con-inner\">\n\t\t\t\t<div class=\"elementor-element elementor-element-7cf3db2 elementor-mobile-align-justify elementor-widget-mobile__width-inherit elementor-align-justify animated-fast elementor-tablet-align-center elementor-widget__width-initial elementor-invisible elementor-widget elementor-widget-button\" data-id=\"7cf3db2\" data-element_type=\"widget\" data-e-type=\"widget\" data-settings=\"{&quot;_animation&quot;:&quot;slideInRight&quot;,&quot;_animation_delay&quot;:500}\" data-widget_type=\"button.default\">\n\t\t\t\t<div class=\"elementor-widget-container\">\n\t\t\t\t\t\t\t\t\t<div class=\"elementor-button-wrapper\">\n\t\t\t\t\t<a class=\"elementor-button elementor-button-link elementor-size-lg elementor-animation-shrink\" href=\"https:\/\/innovame.com\/en\/poder-de-las-preguntas-frecuentes\/\">\n\t\t\t\t\t\t<span class=\"elementor-button-content-wrapper\">\n\t\t\t\t\t\t<span class=\"elementor-button-icon\">\n\t\t\t\t<i aria-hidden=\"true\" class=\"icon dticon-arrow-forward-outline\"><\/i>\t\t\t<\/span>\n\t\t\t\t\t\t\t\t\t<span class=\"elementor-button-text\">frequently asked questions<\/span>\n\t\t\t\t\t<\/span>\n\t\t\t\t\t<\/a>\n\t\t\t\t<\/div>\n\t\t\t\t\t\t\t\t<\/div>\n\t\t\t\t<\/div>\n\t\t\t\t\t<\/div>\n\t\t\t\t<\/div>\n\t\t<div class=\"elementor-element elementor-element-dcc86ef e-flex e-con-boxed e-con e-parent\" data-id=\"dcc86ef\" data-element_type=\"container\" data-e-type=\"container\">\n\t\t\t\t\t<div class=\"e-con-inner\">\n\t\t\t\t<div class=\"elementor-element elementor-element-34faaac elementor-widget-divider--view-line elementor-widget elementor-widget-divider\" data-id=\"34faaac\" data-element_type=\"widget\" data-e-type=\"widget\" data-widget_type=\"divider.default\">\n\t\t\t\t<div class=\"elementor-widget-container\">\n\t\t\t\t\t\t\t<div class=\"elementor-divider\">\n\t\t\t<span class=\"elementor-divider-separator\">\n\t\t\t\t\t\t<\/span>\n\t\t<\/div>\n\t\t\t\t\t\t<\/div>\n\t\t\t\t<\/div>\n\t\t\t\t<div class=\"elementor-element elementor-element-115ffbd elementor-widget elementor-widget-heading\" data-id=\"115ffbd\" data-element_type=\"widget\" data-e-type=\"widget\" data-widget_type=\"heading.default\">\n\t\t\t\t<div class=\"elementor-widget-container\">\n\t\t\t\t\t<h2 class=\"elementor-heading-title elementor-size-default\">What we talked about?<\/h2>\t\t\t\t<\/div>\n\t\t\t\t<\/div>\n\t\t<div class=\"elementor-element elementor-element-81d7619 e-flex e-con-boxed e-con e-child\" data-id=\"81d7619\" data-element_type=\"container\" data-e-type=\"container\">\n\t\t\t\t\t<div class=\"e-con-inner\">\n\t\t\t\t<div class=\"elementor-element elementor-element-bddf19f elementor-widget elementor-widget-text-editor\" data-id=\"bddf19f\" data-element_type=\"widget\" data-e-type=\"widget\" data-widget_type=\"text-editor.default\">\n\t\t\t\t<div class=\"elementor-widget-container\">\n\t\t\t\t\t\t\t\t\t<p>If this is what you&#039;ve been looking for, please send your details to schedule a consultation free of charge and talk about your project, no commitments. And as well help you in your transformation to the digital world of your business.<\/p>\t\t\t\t\t\t\t\t<\/div>\n\t\t\t\t<\/div>\n\t\t\t\t<div class=\"elementor-element elementor-element-2ca5c37 elementor-mobile-align-justify elementor-widget-mobile__width-inherit elementor-align-justify animated-fast elementor-tablet-align-center elementor-widget__width-initial elementor-invisible elementor-widget elementor-widget-button\" data-id=\"2ca5c37\" data-element_type=\"widget\" data-e-type=\"widget\" data-settings=\"{&quot;_animation&quot;:&quot;slideInRight&quot;,&quot;_animation_delay&quot;:500}\" data-widget_type=\"button.default\">\n\t\t\t\t<div class=\"elementor-widget-container\">\n\t\t\t\t\t\t\t\t\t<div class=\"elementor-button-wrapper\">\n\t\t\t\t\t<a class=\"elementor-button elementor-button-link elementor-size-lg elementor-animation-shrink\" href=\"https:\/\/tally.so\/r\/mR4k49\" target=\"_blank\" rel=\"noopener noreferrer nofollow\">\n\t\t\t\t\t\t<span class=\"elementor-button-content-wrapper\">\n\t\t\t\t\t\t<span class=\"elementor-button-icon\">\n\t\t\t\t<i aria-hidden=\"true\" class=\"icon dticon-arrow-forward-outline\"><\/i>\t\t\t<\/span>\n\t\t\t\t\t\t\t\t\t<span class=\"elementor-button-text\">let&#039;s talk!<\/span>\n\t\t\t\t\t<\/span>\n\t\t\t\t\t<\/a>\n\t\t\t\t<\/div>\n\t\t\t\t\t\t\t\t<\/div>\n\t\t\t\t<\/div>\n\t\t\t\t\t<\/div>\n\t\t\t\t<\/div>\n\t\t\t\t\t<\/div>\n\t\t\t\t<\/div>\n\t\t\t\t<\/div>","protected":false},"excerpt":{"rendered":"<p>SEO Optimizaci\u00f3n de Buscadores Optimizaci\u00f3n en Buscadores SEO es un conjunto de t\u00e9cnicas y estrategias para mejorar la visibilidad y [&hellip;]<\/p>\n","protected":false},"author":3,"featured_media":0,"parent":0,"menu_order":0,"comment_status":"closed","ping_status":"closed","template":"","meta":{"_uag_custom_page_level_css":"","site-sidebar-layout":"no-sidebar","site-content-layout":"page-builder","ast-site-content-layout":"full-width-container","site-content-style":"default","site-sidebar-style":"default","ast-global-header-display":"","ast-banner-title-visibility":"","ast-main-header-display":"","ast-hfb-above-header-display":"","ast-hfb-below-header-display":"","ast-hfb-mobile-header-display":"","site-post-title":"disabled","ast-breadcrumbs-content":"","ast-featured-img":"disabled","footer-sml-layout":"","ast-disable-related-posts":"","theme-transparent-header-meta":"","adv-header-id-meta":"","stick-header-meta":"","header-above-stick-meta":"","header-main-stick-meta":"","header-below-stick-meta":"","astra-migrate-meta-layouts":"set","ast-page-background-enabled":"default","ast-page-background-meta":{"desktop":{"background-color":"","background-image":"","background-repeat":"repeat","background-position":"center center","background-size":"auto","background-attachment":"scroll","background-type":"","background-media":"","overlay-type":"","overlay-color":"","overlay-opacity":"","overlay-gradient":""},"tablet":{"background-color":"","background-image":"","background-repeat":"repeat","background-position":"center center","background-size":"auto","background-attachment":"scroll","background-type":"","background-media":"","overlay-type":"","overlay-color":"","overlay-opacity":"","overlay-gradient":""},"mobile":{"background-color":"","background-image":"","background-repeat":"repeat","background-position":"center center","background-size":"auto","background-attachment":"scroll","background-type":"","background-media":"","overlay-type":"","overlay-color":"","overlay-opacity":"","overlay-gradient":""}},"ast-content-background-meta":{"desktop":{"background-color":"var(--ast-global-color-5)","background-image":"","background-repeat":"repeat","background-position":"center center","background-size":"auto","background-attachment":"scroll","background-type":"","background-media":"","overlay-type":"","overlay-color":"","overlay-opacity":"","overlay-gradient":""},"tablet":{"background-color":"var(--ast-global-color-5)","background-image":"","background-repeat":"repeat","background-position":"center center","background-size":"auto","background-attachment":"scroll","background-type":"","background-media":"","overlay-type":"","overlay-color":"","overlay-opacity":"","overlay-gradient":""},"mobile":{"background-color":"var(--ast-global-color-5)","background-image":"","background-repeat":"repeat","background-position":"center center","background-size":"auto","background-attachment":"scroll","background-type":"","background-media":"","overlay-type":"","overlay-color":"","overlay-opacity":"","overlay-gradient":""}},"_joinchat":[],"footnotes":""},"class_list":["post-8520","page","type-page","status-publish","hentry"],"uagb_featured_image_src":{"full":false,"thumbnail":false,"medium":false,"medium_large":false,"large":false,"1536x1536":false,"2048x2048":false,"trp-custom-language-flag":false},"uagb_author_info":{"display_name":"David Jose Lazo","author_link":"https:\/\/innovame.com\/en\/author\/davidperez\/"},"uagb_comment_info":0,"uagb_excerpt":"SEO Optimizaci\u00f3n de Buscadores Optimizaci\u00f3n en Buscadores SEO es un conjunto de t\u00e9cnicas y estrategias para mejorar la visibilidad y [&hellip;]","_links":{"self":[{"href":"https:\/\/innovame.com\/en\/wp-json\/wp\/v2\/pages\/8520","targetHints":{"allow":["GET"]}}],"collection":[{"href":"https:\/\/innovame.com\/en\/wp-json\/wp\/v2\/pages"}],"about":[{"href":"https:\/\/innovame.com\/en\/wp-json\/wp\/v2\/types\/page"}],"author":[{"embeddable":true,"href":"https:\/\/innovame.com\/en\/wp-json\/wp\/v2\/users\/3"}],"replies":[{"embeddable":true,"href":"https:\/\/innovame.com\/en\/wp-json\/wp\/v2\/comments?post=8520"}],"version-history":[{"count":0,"href":"https:\/\/innovame.com\/en\/wp-json\/wp\/v2\/pages\/8520\/revisions"}],"wp:attachment":[{"href":"https:\/\/innovame.com\/en\/wp-json\/wp\/v2\/media?parent=8520"}],"curies":[{"name":"wp","href":"https:\/\/api.w.org\/{rel}","templated":true}]}}