{"id":6922,"date":"2024-05-15T15:40:16","date_gmt":"2024-05-15T20:40:16","guid":{"rendered":"https:\/\/innovame.com\/?page_id=6922"},"modified":"2025-09-02T10:45:51","modified_gmt":"2025-09-02T15:45:51","slug":"sem","status":"publish","type":"page","link":"https:\/\/innovame.com\/en\/sem\/","title":{"rendered":"SEM"},"content":{"rendered":"<div data-elementor-type=\"wp-page\" data-elementor-id=\"6922\" class=\"elementor elementor-6922\" data-elementor-post-type=\"page\">\n\t\t\t\t<div class=\"elementor-element elementor-element-4592613 e-con-full e-flex e-con e-parent\" data-id=\"4592613\" data-element_type=\"container\" data-e-type=\"container\" data-settings=\"{&quot;background_background&quot;:&quot;classic&quot;}\">\n\t\t<div class=\"elementor-element elementor-element-d5fc628 e-con-full e-flex e-con e-child\" data-id=\"d5fc628\" data-element_type=\"container\" data-e-type=\"container\">\n\t\t\t\t<div class=\"elementor-element elementor-element-64cbbd4 elementor-widget elementor-widget-heading\" data-id=\"64cbbd4\" data-element_type=\"widget\" data-e-type=\"widget\" data-widget_type=\"heading.default\">\n\t\t\t\t<div class=\"elementor-widget-container\">\n\t\t\t\t\t<h1 class=\"elementor-heading-title elementor-size-default\">SEM<\/h1>\t\t\t\t<\/div>\n\t\t\t\t<\/div>\n\t\t\t\t<div class=\"elementor-element elementor-element-45ad064 elementor-widget elementor-widget-heading\" data-id=\"45ad064\" data-element_type=\"widget\" data-e-type=\"widget\" data-widget_type=\"heading.default\">\n\t\t\t\t<div class=\"elementor-widget-container\">\n\t\t\t\t\t<h4 class=\"elementor-heading-title elementor-size-default\">Publicidad en Plataformas Digitales<\/h4>\t\t\t\t<\/div>\n\t\t\t\t<\/div>\n\t\t\t\t<\/div>\n\t\t\t\t<\/div>\n\t\t<div class=\"elementor-element elementor-element-37f9dfa e-flex e-con-boxed e-con e-parent\" data-id=\"37f9dfa\" data-element_type=\"container\" data-e-type=\"container\">\n\t\t\t\t\t<div class=\"e-con-inner\">\n\t\t\t\t<div class=\"elementor-element elementor-element-fe6565b elementor-view-default elementor-widget elementor-widget-icon\" data-id=\"fe6565b\" data-element_type=\"widget\" data-e-type=\"widget\" data-widget_type=\"icon.default\">\n\t\t\t\t<div class=\"elementor-widget-container\">\n\t\t\t\t\t\t\t<div class=\"elementor-icon-wrapper\">\n\t\t\t<div class=\"elementor-icon\">\n\t\t\t<i aria-hidden=\"true\" class=\"icon icon-chart2\"><\/i>\t\t\t<\/div>\n\t\t<\/div>\n\t\t\t\t\t\t<\/div>\n\t\t\t\t<\/div>\n\t\t\t\t<div class=\"elementor-element elementor-element-4d55913 elementor-widget elementor-widget-heading\" data-id=\"4d55913\" data-element_type=\"widget\" data-e-type=\"widget\" data-widget_type=\"heading.default\">\n\t\t\t\t<div class=\"elementor-widget-container\">\n\t\t\t\t\t<h2 class=\"elementor-heading-title elementor-size-default\">Online Advertising<\/h2>\t\t\t\t<\/div>\n\t\t\t\t<\/div>\n\t\t<div class=\"elementor-element elementor-element-decef21 e-con-full e-flex e-con e-child\" data-id=\"decef21\" data-element_type=\"container\" data-e-type=\"container\">\n\t\t\t\t<div class=\"elementor-element elementor-element-5296048 elementor-widget__width-initial elementor-widget elementor-widget-text-editor\" data-id=\"5296048\" data-element_type=\"widget\" data-e-type=\"widget\" data-widget_type=\"text-editor.default\">\n\t\t\t\t<div class=\"elementor-widget-container\">\n\t\t\t\t\t\t\t\t\t<div dir=\"ltr\"><div class=\"answer-markdown-box overflow-x-auto select-text custom-scrollbar\"><div class=\"markdown-body\"><p data-sider-select-id=\"489b5a9a-cd2d-4a4f-b32f-b10aa44f6be4\">Creaci\u00f3n, gesti\u00f3n y optimizaci\u00f3n de campa\u00f1as de publicidad en motores de b\u00fasqueda (principalmente Google Ads) para generar tr\u00e1fico y conversiones de forma r\u00e1pida y medible. Incluye b\u00fasqueda, display, shopping (si aplica).<\/p><\/div><p data-sider-select-id=\"489b5a9a-cd2d-4a4f-b32f-b10aa44f6be4\">Pero no queda solo alli, porque con la existencia de las redes sociales se abre un abanico de oportunidades para conseguir clientes potenciales para tu negocio. Trabajamos en el dise\u00f1o y gesti\u00f3n de campa\u00f1as publicitarias en plataformas de redes sociales (Facebook, Instagram, LinkedIn, Tik Tok etc.) para alcanzar audiencias espec\u00edficas, aumentar la notoriedad de marca y generar leads o ventas.<\/p><\/div><\/div>\t\t\t\t\t\t\t\t<\/div>\n\t\t\t\t<\/div>\n\t\t\t\t<div class=\"elementor-element elementor-element-63043ef elementor-mobile-align-center elementor-widget-mobile__width-inherit elementor-align-left animated-fast elementor-tablet-align-center elementor-invisible elementor-widget elementor-widget-button\" data-id=\"63043ef\" data-element_type=\"widget\" data-e-type=\"widget\" data-settings=\"{&quot;_animation&quot;:&quot;slideInRight&quot;,&quot;_animation_delay&quot;:500}\" data-widget_type=\"button.default\">\n\t\t\t\t<div class=\"elementor-widget-container\">\n\t\t\t\t\t\t\t\t\t<div class=\"elementor-button-wrapper\">\n\t\t\t\t\t<a class=\"elementor-button elementor-button-link elementor-size-lg elementor-animation-shrink\" href=\"https:\/\/tally.so\/r\/mR4k49\" target=\"_blank\" rel=\"noopener noreferrer nofollow\">\n\t\t\t\t\t\t<span class=\"elementor-button-content-wrapper\">\n\t\t\t\t\t\t<span class=\"elementor-button-icon\">\n\t\t\t\t<i aria-hidden=\"true\" class=\"icon dticon-arrow-forward-outline\"><\/i>\t\t\t<\/span>\n\t\t\t\t\t\t\t\t\t<span class=\"elementor-button-text\">let&#039;s talk<\/span>\n\t\t\t\t\t<\/span>\n\t\t\t\t\t<\/a>\n\t\t\t\t<\/div>\n\t\t\t\t\t\t\t\t<\/div>\n\t\t\t\t<\/div>\n\t\t\t\t<\/div>\n\t\t\t\t\t<\/div>\n\t\t\t\t<\/div>\n\t\t<div class=\"elementor-element elementor-element-eb9d8dd e-flex e-con-boxed e-con e-parent\" data-id=\"eb9d8dd\" data-element_type=\"container\" data-e-type=\"container\">\n\t\t\t\t\t<div class=\"e-con-inner\">\n\t\t<div class=\"elementor-element elementor-element-a1b3d24 e-con-full e-flex e-con e-child\" data-id=\"a1b3d24\" data-element_type=\"container\" data-e-type=\"container\">\n\t\t\t\t<div class=\"elementor-element elementor-element-9afd648 elementor-widget elementor-widget-text-editor\" data-id=\"9afd648\" data-element_type=\"widget\" data-e-type=\"widget\" data-widget_type=\"text-editor.default\">\n\t\t\t\t<div class=\"elementor-widget-container\">\n\t\t\t\t\t\t\t\t\t<p>This approach <strong>seeks to attract and retain<\/strong> to a specific audience, promoting the <strong>commitment and loyalty<\/strong> to the brand.\u00a0<\/p>\t\t\t\t\t\t\t\t<\/div>\n\t\t\t\t<\/div>\n\t\t\t\t<\/div>\n\t\t<div class=\"elementor-element elementor-element-71bd347 e-con-full e-flex e-con e-child\" data-id=\"71bd347\" data-element_type=\"container\" data-e-type=\"container\">\n\t\t\t\t<div class=\"elementor-element elementor-element-f8c8a8a ekit-equal-height-disable elementor-widget elementor-widget-elementskit-icon-box\" data-id=\"f8c8a8a\" data-element_type=\"widget\" data-e-type=\"widget\" data-widget_type=\"elementskit-icon-box.default\">\n\t\t\t\t<div class=\"elementor-widget-container\">\n\t\t\t\t\t<div class=\"ekit-wid-con\" >        <!-- link opening -->\n                <a href=\"https:\/\/innovame.com\/en\/#contacto\" class=\"ekit_global_links\">\n                <!-- end link opening -->\n\n        <div class=\"elementskit-infobox text- text- icon-lef-right-aligin elementor-animation-\">\n                        <div class=\"box-body\">\n                            <h3 class=\"elementskit-info-box-title\">\n                    01                <\/h3>\n                        \t\t  \t<p><strong>Google Ads<\/strong> Es una de las plataformas mas completa del mercado digital. Nos permite tener presencia en el buscador con Search Ads, en paginas web con Display Banners, en Google Maps con ads en SEO Local, Videos &amp; Shorts con YouTube ads y muchas opciones m\u00e1s. Con Google ads tenemos la capacidad de dirigirse a audiencias espec\u00edficas con alta intenci\u00f3n de compra, control total sobre el presupuesto y los costos, resultados medibles y en tiempo real.<\/p>\n                                <\/div>\n        \n        \n                <\/div>\n                <\/a>\n        <\/div>\t\t\t\t<\/div>\n\t\t\t\t<\/div>\n\t\t\t\t<div class=\"elementor-element elementor-element-48c865d ekit-equal-height-disable elementor-widget elementor-widget-elementskit-icon-box\" data-id=\"48c865d\" data-element_type=\"widget\" data-e-type=\"widget\" data-widget_type=\"elementskit-icon-box.default\">\n\t\t\t\t<div class=\"elementor-widget-container\">\n\t\t\t\t\t<div class=\"ekit-wid-con\" >        <!-- link opening -->\n                <a href=\"https:\/\/innovame.com\/en\/#contacto\" class=\"ekit_global_links\">\n                <!-- end link opening -->\n\n        <div class=\"elementskit-infobox text- text- icon-lef-right-aligin elementor-animation-\">\n                        <div class=\"box-body\">\n                            <h3 class=\"elementskit-info-box-title\">\n                    08                <\/h3>\n                        \t\t  \t<p><strong>Email Marketing.<\/strong> Desarrollo de campa\u00f1as de email con contenido relevante, como boletines informativos, promociones y lanzamientos de productos, que ayuden a mantener el inter\u00e9s y la lealtad de los clientes.<\/p>\n                                <\/div>\n        \n        \n                <\/div>\n                <\/a>\n        <\/div>\t\t\t\t<\/div>\n\t\t\t\t<\/div>\n\t\t\t\t<div class=\"elementor-element elementor-element-6f0f59b ekit-equal-height-disable elementor-widget elementor-widget-elementskit-icon-box\" data-id=\"6f0f59b\" data-element_type=\"widget\" data-e-type=\"widget\" data-widget_type=\"elementskit-icon-box.default\">\n\t\t\t\t<div class=\"elementor-widget-container\">\n\t\t\t\t\t<div class=\"ekit-wid-con\" >        <!-- link opening -->\n                <a href=\"https:\/\/innovame.com\/en\/#contacto\" class=\"ekit_global_links\">\n                <!-- end link opening -->\n\n        <div class=\"elementskit-infobox text- text- icon-lef-right-aligin elementor-animation-\">\n                        <div class=\"box-body\">\n                            <h3 class=\"elementskit-info-box-title\">\n                    09                <\/h3>\n                        \t\t  \t<p><strong>Publicaciones en LinkedIn y Art\u00edculos para Empresas.<\/strong> Desarrollo de contenido profesional para plataformas como LinkedIn, orientado a fortalecer la reputaci\u00f3n y autoridad de la marca en sectores espec\u00edficos..<\/p>\n                                <\/div>\n        \n        \n                <\/div>\n                <\/a>\n        <\/div>\t\t\t\t<\/div>\n\t\t\t\t<\/div>\n\t\t\t\t<div class=\"elementor-element elementor-element-d0b6f18 ekit-equal-height-disable elementor-widget elementor-widget-elementskit-icon-box\" data-id=\"d0b6f18\" data-element_type=\"widget\" data-e-type=\"widget\" data-widget_type=\"elementskit-icon-box.default\">\n\t\t\t\t<div class=\"elementor-widget-container\">\n\t\t\t\t\t<div class=\"ekit-wid-con\" >        <!-- link opening -->\n                <a href=\"https:\/\/innovame.com\/en\/#contacto\" class=\"ekit_global_links\">\n                <!-- end link opening -->\n\n        <div class=\"elementskit-infobox text- text- icon-lef-right-aligin elementor-animation-\">\n                        <div class=\"box-body\">\n                            <h3 class=\"elementskit-info-box-title\">\n                    10                <\/h3>\n                        \t\t  \t<p><strong>Online Advertising.<\/strong>  Desarrollo de ads que amplifica el alcance del marketing de contenidos al dirigir estrat\u00e9gicamente el contenido hacia audiencias segmentadas, acelerando la generaci\u00f3n de tr\u00e1fico, leads y conversiones. <\/p>\n                                <\/div>\n        \n        \n                <\/div>\n                <\/a>\n        <\/div>\t\t\t\t<\/div>\n\t\t\t\t<\/div>\n\t\t\t\t<\/div>\n\t\t\t\t\t<\/div>\n\t\t\t\t<\/div>\n\t\t<div class=\"elementor-element elementor-element-20cf41c e-flex e-con-boxed e-con e-parent\" data-id=\"20cf41c\" data-element_type=\"container\" data-e-type=\"container\">\n\t\t\t\t\t<div class=\"e-con-inner\">\n\t\t\t\t<div class=\"elementor-element elementor-element-7cf3db2 elementor-mobile-align-justify elementor-widget-mobile__width-inherit elementor-align-justify animated-fast elementor-tablet-align-center elementor-widget__width-initial elementor-invisible elementor-widget elementor-widget-button\" data-id=\"7cf3db2\" data-element_type=\"widget\" data-e-type=\"widget\" data-settings=\"{&quot;_animation&quot;:&quot;slideInRight&quot;,&quot;_animation_delay&quot;:500}\" data-widget_type=\"button.default\">\n\t\t\t\t<div class=\"elementor-widget-container\">\n\t\t\t\t\t\t\t\t\t<div class=\"elementor-button-wrapper\">\n\t\t\t\t\t<a class=\"elementor-button elementor-button-link elementor-size-lg elementor-animation-shrink\" href=\"https:\/\/innovame.com\/en\/poder-de-las-preguntas-frecuentes\/\">\n\t\t\t\t\t\t<span class=\"elementor-button-content-wrapper\">\n\t\t\t\t\t\t<span class=\"elementor-button-icon\">\n\t\t\t\t<i aria-hidden=\"true\" class=\"icon dticon-arrow-forward-outline\"><\/i>\t\t\t<\/span>\n\t\t\t\t\t\t\t\t\t<span class=\"elementor-button-text\">frequently asked questions<\/span>\n\t\t\t\t\t<\/span>\n\t\t\t\t\t<\/a>\n\t\t\t\t<\/div>\n\t\t\t\t\t\t\t\t<\/div>\n\t\t\t\t<\/div>\n\t\t<div class=\"elementor-element elementor-element-2cba102 e-con-full e-flex e-con e-child\" data-id=\"2cba102\" data-element_type=\"container\" data-e-type=\"container\">\n\t\t\t\t<div class=\"elementor-element elementor-element-585ac2b elementor-widget-divider--view-line elementor-widget elementor-widget-divider\" data-id=\"585ac2b\" data-element_type=\"widget\" data-e-type=\"widget\" data-widget_type=\"divider.default\">\n\t\t\t\t<div class=\"elementor-widget-container\">\n\t\t\t\t\t\t\t<div class=\"elementor-divider\">\n\t\t\t<span class=\"elementor-divider-separator\">\n\t\t\t\t\t\t<\/span>\n\t\t<\/div>\n\t\t\t\t\t\t<\/div>\n\t\t\t\t<\/div>\n\t\t\t\t<div class=\"elementor-element elementor-element-494d3a7 elementor-widget__width-initial elementor-widget elementor-widget-text-editor\" data-id=\"494d3a7\" data-element_type=\"widget\" data-e-type=\"widget\" data-widget_type=\"text-editor.default\">\n\t\t\t\t<div class=\"elementor-widget-container\">\n\t\t\t\t\t\t\t\t\t<p><strong>The elements of content marketing<\/strong> they are fundamental to develop effective strategies in communicating with the public.<\/p><p>These include <strong>the creation of valuable content and relevant<\/strong>the identification of target audiences, the selection of suitable formats (such as blogs, videos or infographics), <strong>and the optimization for the search engines<\/strong> (SEO).<\/p><p><img fetchpriority=\"high\" decoding=\"async\" class=\"size-medium wp-image-7254 alignleft\" src=\"https:\/\/innovame.com\/wp-content\/uploads\/2024\/05\/Web-Profesional-1-300x200.jpg\" alt=\"marketing de contenidos\" width=\"300\" height=\"200\" srcset=\"https:\/\/innovame.com\/wp-content\/uploads\/2024\/05\/Web-Profesional-1-300x200.jpg 300w, https:\/\/innovame.com\/wp-content\/uploads\/2024\/05\/Web-Profesional-1-1024x683.jpg 1024w, https:\/\/innovame.com\/wp-content\/uploads\/2024\/05\/Web-Profesional-1-768x512.jpg 768w, https:\/\/innovame.com\/wp-content\/uploads\/2024\/05\/Web-Profesional-1.jpg 1200w\" sizes=\"(max-width: 300px) 100vw, 300px\" \/><\/p><p>In addition, it is crucial to <strong>establish a calendar of publications<\/strong> and promote the interaction with the users through social media and other digital channels.<\/p><p>It is essential <strong>establish clear objectives and performance metrics<\/strong> to assess the impact of the content on the audience.<\/p><p><strong>The measurement and analysis of results<\/strong> they are also essential to adjust and continuously improve strategy.<\/p><p><strong>Measuring the results of content marketing<\/strong> it may seem a bit complicated at first, but in reality it is more simple than it seems.<\/p><p>It is essential <strong>define what goals you want to achieve<\/strong>; por ejemplo, aumentar el tr\u00e1fico a tu web, mejorar la interacci\u00f3n en redes sociales o generar m\u00e1s leads.\u00a0<\/p><p>The important thing is to <strong>adjust your strategy according to what works and what doesn&#039;t<\/strong>, so stay tuned to the numbers and experience to find the formula that best suits your brand.<\/p>\t\t\t\t\t\t\t\t<\/div>\n\t\t\t\t<\/div>\n\t\t\t\t<\/div>\n\t\t\t\t\t<\/div>\n\t\t\t\t<\/div>\n\t\t<div class=\"elementor-element elementor-element-dcc86ef e-flex e-con-boxed e-con e-parent\" data-id=\"dcc86ef\" data-element_type=\"container\" data-e-type=\"container\">\n\t\t\t\t\t<div class=\"e-con-inner\">\n\t\t\t\t<div class=\"elementor-element elementor-element-34faaac elementor-widget-divider--view-line elementor-widget elementor-widget-divider\" data-id=\"34faaac\" data-element_type=\"widget\" data-e-type=\"widget\" data-widget_type=\"divider.default\">\n\t\t\t\t<div class=\"elementor-widget-container\">\n\t\t\t\t\t\t\t<div class=\"elementor-divider\">\n\t\t\t<span class=\"elementor-divider-separator\">\n\t\t\t\t\t\t<\/span>\n\t\t<\/div>\n\t\t\t\t\t\t<\/div>\n\t\t\t\t<\/div>\n\t\t\t\t<div class=\"elementor-element elementor-element-115ffbd elementor-widget elementor-widget-heading\" data-id=\"115ffbd\" data-element_type=\"widget\" data-e-type=\"widget\" data-widget_type=\"heading.default\">\n\t\t\t\t<div class=\"elementor-widget-container\">\n\t\t\t\t\t<h2 class=\"elementor-heading-title elementor-size-default\">What we talked about?<\/h2>\t\t\t\t<\/div>\n\t\t\t\t<\/div>\n\t\t<div class=\"elementor-element elementor-element-81d7619 e-flex e-con-boxed e-con e-child\" data-id=\"81d7619\" data-element_type=\"container\" data-e-type=\"container\">\n\t\t\t\t\t<div class=\"e-con-inner\">\n\t\t\t\t<div class=\"elementor-element elementor-element-bddf19f elementor-widget elementor-widget-text-editor\" data-id=\"bddf19f\" data-element_type=\"widget\" data-e-type=\"widget\" data-widget_type=\"text-editor.default\">\n\t\t\t\t<div class=\"elementor-widget-container\">\n\t\t\t\t\t\t\t\t\t<p>If this is what you&#039;ve been looking for, please send your details to schedule a consultation free of charge and talk about your project, no commitments. And as well help you in your transformation to the digital world of your business.<\/p>\t\t\t\t\t\t\t\t<\/div>\n\t\t\t\t<\/div>\n\t\t\t\t<div class=\"elementor-element elementor-element-2ca5c37 elementor-mobile-align-justify elementor-widget-mobile__width-inherit elementor-align-justify animated-fast elementor-tablet-align-center elementor-widget__width-initial elementor-invisible elementor-widget elementor-widget-button\" data-id=\"2ca5c37\" data-element_type=\"widget\" data-e-type=\"widget\" data-settings=\"{&quot;_animation&quot;:&quot;slideInRight&quot;,&quot;_animation_delay&quot;:500}\" data-widget_type=\"button.default\">\n\t\t\t\t<div class=\"elementor-widget-container\">\n\t\t\t\t\t\t\t\t\t<div class=\"elementor-button-wrapper\">\n\t\t\t\t\t<a class=\"elementor-button elementor-button-link elementor-size-lg elementor-animation-shrink\" href=\"https:\/\/tally.so\/r\/mR4k49\" target=\"_blank\" rel=\"noopener noreferrer nofollow\">\n\t\t\t\t\t\t<span class=\"elementor-button-content-wrapper\">\n\t\t\t\t\t\t<span class=\"elementor-button-icon\">\n\t\t\t\t<i aria-hidden=\"true\" class=\"icon dticon-arrow-forward-outline\"><\/i>\t\t\t<\/span>\n\t\t\t\t\t\t\t\t\t<span class=\"elementor-button-text\">let&#039;s talk!<\/span>\n\t\t\t\t\t<\/span>\n\t\t\t\t\t<\/a>\n\t\t\t\t<\/div>\n\t\t\t\t\t\t\t\t<\/div>\n\t\t\t\t<\/div>\n\t\t\t\t\t<\/div>\n\t\t\t\t<\/div>\n\t\t\t\t\t<\/div>\n\t\t\t\t<\/div>\n\t\t\t\t<\/div>","protected":false},"excerpt":{"rendered":"<p>SEM Publicidad en Plataformas Digitales Publicidad Online Creaci\u00f3n, gesti\u00f3n y optimizaci\u00f3n de campa\u00f1as de publicidad en motores de b\u00fasqueda (principalmente [&hellip;]<\/p>\n","protected":false},"author":3,"featured_media":0,"parent":0,"menu_order":0,"comment_status":"closed","ping_status":"closed","template":"","meta":{"_uag_custom_page_level_css":"","site-sidebar-layout":"no-sidebar","site-content-layout":"page-builder","ast-site-content-layout":"full-width-container","site-content-style":"default","site-sidebar-style":"default","ast-global-header-display":"","ast-banner-title-visibility":"","ast-main-header-display":"","ast-hfb-above-header-display":"","ast-hfb-below-header-display":"","ast-hfb-mobile-header-display":"","site-post-title":"disabled","ast-breadcrumbs-content":"","ast-featured-img":"disabled","footer-sml-layout":"","ast-disable-related-posts":"","theme-transparent-header-meta":"","adv-header-id-meta":"","stick-header-meta":"","header-above-stick-meta":"","header-main-stick-meta":"","header-below-stick-meta":"","astra-migrate-meta-layouts":"set","ast-page-background-enabled":"default","ast-page-background-meta":{"desktop":{"background-color":"","background-image":"","background-repeat":"repeat","background-position":"center center","background-size":"auto","background-attachment":"scroll","background-type":"","background-media":"","overlay-type":"","overlay-color":"","overlay-opacity":"","overlay-gradient":""},"tablet":{"background-color":"","background-image":"","background-repeat":"repeat","background-position":"center center","background-size":"auto","background-attachment":"scroll","background-type":"","background-media":"","overlay-type":"","overlay-color":"","overlay-opacity":"","overlay-gradient":""},"mobile":{"background-color":"","background-image":"","background-repeat":"repeat","background-position":"center center","background-size":"auto","background-attachment":"scroll","background-type":"","background-media":"","overlay-type":"","overlay-color":"","overlay-opacity":"","overlay-gradient":""}},"ast-content-background-meta":{"desktop":{"background-color":"var(--ast-global-color-5)","background-image":"","background-repeat":"repeat","background-position":"center center","background-size":"auto","background-attachment":"scroll","background-type":"","background-media":"","overlay-type":"","overlay-color":"","overlay-opacity":"","overlay-gradient":""},"tablet":{"background-color":"var(--ast-global-color-5)","background-image":"","background-repeat":"repeat","background-position":"center center","background-size":"auto","background-attachment":"scroll","background-type":"","background-media":"","overlay-type":"","overlay-color":"","overlay-opacity":"","overlay-gradient":""},"mobile":{"background-color":"var(--ast-global-color-5)","background-image":"","background-repeat":"repeat","background-position":"center center","background-size":"auto","background-attachment":"scroll","background-type":"","background-media":"","overlay-type":"","overlay-color":"","overlay-opacity":"","overlay-gradient":""}},"_joinchat":[],"footnotes":""},"class_list":["post-6922","page","type-page","status-publish","hentry"],"uagb_featured_image_src":{"full":false,"thumbnail":false,"medium":false,"medium_large":false,"large":false,"1536x1536":false,"2048x2048":false,"trp-custom-language-flag":false},"uagb_author_info":{"display_name":"David Jose Lazo","author_link":"https:\/\/innovame.com\/en\/author\/davidperez\/"},"uagb_comment_info":0,"uagb_excerpt":"SEM Publicidad en Plataformas Digitales Publicidad Online Creaci\u00f3n, gesti\u00f3n y optimizaci\u00f3n de campa\u00f1as de publicidad en motores de b\u00fasqueda (principalmente [&hellip;]","_links":{"self":[{"href":"https:\/\/innovame.com\/en\/wp-json\/wp\/v2\/pages\/6922","targetHints":{"allow":["GET"]}}],"collection":[{"href":"https:\/\/innovame.com\/en\/wp-json\/wp\/v2\/pages"}],"about":[{"href":"https:\/\/innovame.com\/en\/wp-json\/wp\/v2\/types\/page"}],"author":[{"embeddable":true,"href":"https:\/\/innovame.com\/en\/wp-json\/wp\/v2\/users\/3"}],"replies":[{"embeddable":true,"href":"https:\/\/innovame.com\/en\/wp-json\/wp\/v2\/comments?post=6922"}],"version-history":[{"count":0,"href":"https:\/\/innovame.com\/en\/wp-json\/wp\/v2\/pages\/6922\/revisions"}],"wp:attachment":[{"href":"https:\/\/innovame.com\/en\/wp-json\/wp\/v2\/media?parent=6922"}],"curies":[{"name":"wp","href":"https:\/\/api.w.org\/{rel}","templated":true}]}}